{"id":8197,"date":"2024-11-14T13:11:17","date_gmt":"2024-11-14T13:11:17","guid":{"rendered":"https:\/\/galcrivatuldesud-est.ro\/site2021\/?page_id=8197"},"modified":"2025-02-05T08:00:08","modified_gmt":"2025-02-05T08:00:08","slug":"echipa-tehnica","status":"publish","type":"page","link":"https:\/\/galcrivatuldesud-est.ro\/site2021\/echipa-tehnica\/","title":{"rendered":"Echipa tehnica"},"content":{"rendered":"\t\t<div data-elementor-type=\"wp-page\" data-elementor-id=\"8197\" class=\"elementor elementor-8197\">\n\t\t\t\t\t\t<section class=\"elementor-section elementor-inner-section elementor-element elementor-element-fbe7961 elementor-section-boxed elementor-section-height-default elementor-section-height-default\" data-id=\"fbe7961\" data-element_type=\"section\">\n\t\t\t\t\t\t<div class=\"elementor-container elementor-column-gap-default\">\n\t\t\t\t\t<div class=\"elementor-column elementor-col-100 elementor-inner-column elementor-element elementor-element-bded254\" data-id=\"bded254\" data-element_type=\"column\">\n\t\t\t<div class=\"elementor-widget-wrap elementor-element-populated\">\n\t\t\t\t\t\t<div class=\"elementor-element elementor-element-acf0296 elementor-widget elementor-widget-heading\" data-id=\"acf0296\" data-element_type=\"widget\" data-widget_type=\"heading.default\">\n\t\t\t\t<div class=\"elementor-widget-container\">\n\t\t\t<style>\/*! elementor - v3.19.0 - 26-02-2024 *\/\n.elementor-heading-title{padding:0;margin:0;line-height:1}.elementor-widget-heading .elementor-heading-title[class*=elementor-size-]>a{color:inherit;font-size:inherit;line-height:inherit}.elementor-widget-heading .elementor-heading-title.elementor-size-small{font-size:15px}.elementor-widget-heading .elementor-heading-title.elementor-size-medium{font-size:19px}.elementor-widget-heading .elementor-heading-title.elementor-size-large{font-size:29px}.elementor-widget-heading .elementor-heading-title.elementor-size-xl{font-size:39px}.elementor-widget-heading .elementor-heading-title.elementor-size-xxl{font-size:59px}<\/style><h2 class=\"elementor-heading-title elementor-size-default\">Echipa GAL Crivatul de Sud-Est<\/h2>\t\t<\/div>\n\t\t\t\t<\/div>\n\t\t\t\t<div class=\"elementor-element elementor-element-8e5c299 elementor-widget elementor-widget-spacer\" data-id=\"8e5c299\" data-element_type=\"widget\" data-widget_type=\"spacer.default\">\n\t\t\t\t<div class=\"elementor-widget-container\">\n\t\t\t<style>\/*! elementor - v3.19.0 - 26-02-2024 *\/\n.elementor-column .elementor-spacer-inner{height:var(--spacer-size)}.e-con{--container-widget-width:100%}.e-con-inner>.elementor-widget-spacer,.e-con>.elementor-widget-spacer{width:var(--container-widget-width,var(--spacer-size));--align-self:var(--container-widget-align-self,initial);--flex-shrink:0}.e-con-inner>.elementor-widget-spacer>.elementor-widget-container,.e-con>.elementor-widget-spacer>.elementor-widget-container{height:100%;width:100%}.e-con-inner>.elementor-widget-spacer>.elementor-widget-container>.elementor-spacer,.e-con>.elementor-widget-spacer>.elementor-widget-container>.elementor-spacer{height:100%}.e-con-inner>.elementor-widget-spacer>.elementor-widget-container>.elementor-spacer>.elementor-spacer-inner,.e-con>.elementor-widget-spacer>.elementor-widget-container>.elementor-spacer>.elementor-spacer-inner{height:var(--container-widget-height,var(--spacer-size))}.e-con-inner>.elementor-widget-spacer.elementor-widget-empty,.e-con>.elementor-widget-spacer.elementor-widget-empty{position:relative;min-height:22px;min-width:22px}.e-con-inner>.elementor-widget-spacer.elementor-widget-empty .elementor-widget-empty-icon,.e-con>.elementor-widget-spacer.elementor-widget-empty .elementor-widget-empty-icon{position:absolute;top:0;bottom:0;left:0;right:0;margin:auto;padding:0;width:22px;height:22px}<\/style>\t\t<div class=\"elementor-spacer\">\n\t\t\t<div class=\"elementor-spacer-inner\"><\/div>\n\t\t<\/div>\n\t\t\t\t<\/div>\n\t\t\t\t<\/div>\n\t\t\t\t\t<\/div>\n\t\t<\/div>\n\t\t\t\t\t<\/div>\n\t\t<\/section>\n\t\t\t\t<section class=\"elementor-section elementor-top-section elementor-element elementor-element-d9d22d6 elementor-section-full_width elementor-section-height-min-height elementor-section-stretched elementor-section-height-default elementor-section-items-middle\" data-id=\"d9d22d6\" data-element_type=\"section\" data-settings=\"{&quot;stretch_section&quot;:&quot;section-stretched&quot;}\">\n\t\t\t\t\t\t<div class=\"elementor-container elementor-column-gap-default\">\n\t\t\t\t\t<div class=\"elementor-column elementor-col-25 elementor-top-column elementor-element elementor-element-05d05ce\" data-id=\"05d05ce\" data-element_type=\"column\">\n\t\t\t<div class=\"elementor-widget-wrap elementor-element-populated\">\n\t\t\t\t\t\t<div class=\"elementor-element elementor-element-d05ac7f elementor-widget elementor-widget-team-inline\" data-id=\"d05ac7f\" data-element_type=\"widget\" data-widget_type=\"team-inline.default\">\n\t\t\t\t<div class=\"elementor-widget-container\">\n\t\t\t<div class=\"team-inline\"><img decoding=\"async\" src=\"https:\/\/galcrivatuldesud-est.ro\/site2021\/wp-content\/uploads\/2024\/11\/DSCF6498-scaled.jpg\" title=\"DSCF6498\" alt=\"DSCF6498\" loading=\"lazy\" \/><div class=\"tm-content\"><h5 class=\"tm-name\">Cercel Ionu\u021b Lucian <\/h5><span class=\"tm-role\">Presedinte  <br>Manager GAL<\/span><\/div><\/div>\t\t\t\t<\/div>\n\t\t\t\t<\/div>\n\t\t\t\t\t<\/div>\n\t\t<\/div>\n\t\t\t\t<div class=\"elementor-column elementor-col-25 elementor-top-column elementor-element elementor-element-eed7634\" data-id=\"eed7634\" data-element_type=\"column\">\n\t\t\t<div class=\"elementor-widget-wrap elementor-element-populated\">\n\t\t\t\t\t\t<div class=\"elementor-element elementor-element-904fb57 elementor-widget elementor-widget-team-inline\" data-id=\"904fb57\" data-element_type=\"widget\" data-widget_type=\"team-inline.default\">\n\t\t\t\t<div class=\"elementor-widget-container\">\n\t\t\t<div class=\"team-inline\"><img decoding=\"async\" src=\"https:\/\/galcrivatuldesud-est.ro\/site2021\/wp-content\/uploads\/2024\/11\/DSCF6583-scaled.jpg\" title=\"DSCF6583\" alt=\"DSCF6583\" loading=\"lazy\" \/><div class=\"tm-content\"><h5 class=\"tm-name\">Florescu Mihaela Veronica<\/h5><span class=\"tm-role\">Asistent manager<\/span><\/div><\/div>\t\t\t\t<\/div>\n\t\t\t\t<\/div>\n\t\t\t\t\t<\/div>\n\t\t<\/div>\n\t\t\t\t<div class=\"elementor-column elementor-col-25 elementor-top-column elementor-element elementor-element-4eb8a52\" data-id=\"4eb8a52\" data-element_type=\"column\">\n\t\t\t<div class=\"elementor-widget-wrap elementor-element-populated\">\n\t\t\t\t\t\t<div class=\"elementor-element elementor-element-da7c0d3 elementor-widget elementor-widget-team-inline\" data-id=\"da7c0d3\" data-element_type=\"widget\" data-widget_type=\"team-inline.default\">\n\t\t\t\t<div class=\"elementor-widget-container\">\n\t\t\t<div class=\"team-inline\"><img decoding=\"async\" src=\"https:\/\/galcrivatuldesud-est.ro\/site2021\/wp-content\/uploads\/2024\/11\/DSCF6490-scaled.jpg\" title=\"DSCF6490\" alt=\"DSCF6490\" loading=\"lazy\" \/><div class=\"tm-content\"><h5 class=\"tm-name\">B\u0103l\u0103noiu Andra<\/h5><span class=\"tm-role\">Evaluator proiecte<\/span><\/div><\/div>\t\t\t\t<\/div>\n\t\t\t\t<\/div>\n\t\t\t\t\t<\/div>\n\t\t<\/div>\n\t\t\t\t<div class=\"elementor-column elementor-col-25 elementor-top-column elementor-element elementor-element-7ec4b04\" data-id=\"7ec4b04\" data-element_type=\"column\">\n\t\t\t<div class=\"elementor-widget-wrap elementor-element-populated\">\n\t\t\t\t\t\t<div class=\"elementor-element elementor-element-44d8077 elementor-widget elementor-widget-team-inline\" data-id=\"44d8077\" data-element_type=\"widget\" data-widget_type=\"team-inline.default\">\n\t\t\t\t<div class=\"elementor-widget-container\">\n\t\t\t<div class=\"team-inline\"><img decoding=\"async\" src=\"https:\/\/galcrivatuldesud-est.ro\/site2021\/wp-content\/uploads\/2024\/11\/WhatsApp-Image-2024-11-06-at-20.51.32.jpeg\" title=\"WhatsApp Image 2024-11-06 at 20.51.32\" alt=\"WhatsApp Image 2024-11-06 at 20.51.32\" loading=\"lazy\" \/><div class=\"tm-content\"><h5 class=\"tm-name\">St\u0103tulescu Ana Maria <\/h5><span class=\"tm-role\">Evaluator proiecte<\/span><\/div><\/div>\t\t\t\t<\/div>\n\t\t\t\t<\/div>\n\t\t\t\t\t<\/div>\n\t\t<\/div>\n\t\t\t\t\t<\/div>\n\t\t<\/section>\n\t\t\t\t<section class=\"elementor-section elementor-top-section elementor-element elementor-element-b03c201 elementor-section-full_width elementor-section-height-min-height elementor-section-stretched elementor-section-height-default elementor-section-items-middle\" data-id=\"b03c201\" data-element_type=\"section\" data-settings=\"{&quot;stretch_section&quot;:&quot;section-stretched&quot;}\">\n\t\t\t\t\t\t<div class=\"elementor-container elementor-column-gap-default\">\n\t\t\t\t\t<div class=\"elementor-column elementor-col-25 elementor-top-column elementor-element elementor-element-0a08650\" data-id=\"0a08650\" data-element_type=\"column\">\n\t\t\t<div class=\"elementor-widget-wrap\">\n\t\t\t\t\t\t\t<\/div>\n\t\t<\/div>\n\t\t\t\t<div class=\"elementor-column elementor-col-25 elementor-top-column elementor-element elementor-element-ab8930f\" data-id=\"ab8930f\" data-element_type=\"column\">\n\t\t\t<div class=\"elementor-widget-wrap elementor-element-populated\">\n\t\t\t\t\t\t<div class=\"elementor-element elementor-element-fef23df elementor-widget elementor-widget-spacer\" data-id=\"fef23df\" data-element_type=\"widget\" data-widget_type=\"spacer.default\">\n\t\t\t\t<div class=\"elementor-widget-container\">\n\t\t\t\t\t<div class=\"elementor-spacer\">\n\t\t\t<div class=\"elementor-spacer-inner\"><\/div>\n\t\t<\/div>\n\t\t\t\t<\/div>\n\t\t\t\t<\/div>\n\t\t\t\t<div class=\"elementor-element elementor-element-51212f7 elementor-widget elementor-widget-team-inline\" data-id=\"51212f7\" data-element_type=\"widget\" data-widget_type=\"team-inline.default\">\n\t\t\t\t<div class=\"elementor-widget-container\">\n\t\t\t<div class=\"team-inline\"><img decoding=\"async\" src=\"https:\/\/galcrivatuldesud-est.ro\/site2021\/wp-content\/uploads\/2024\/11\/WhatsApp-Image-2024-11-06-at-11.48.05.jpeg\" title=\"WhatsApp Image 2024-11-06 at 11.48.05\" alt=\"WhatsApp Image 2024-11-06 at 11.48.05\" loading=\"lazy\" \/><div class=\"tm-content\"><h5 class=\"tm-name\">Dragu Angela<\/h5><span class=\"tm-role\">Asistent Social<\/span><\/div><\/div>\t\t\t\t<\/div>\n\t\t\t\t<\/div>\n\t\t\t\t\t<\/div>\n\t\t<\/div>\n\t\t\t\t<div class=\"elementor-column elementor-col-25 elementor-top-column elementor-element elementor-element-2679577\" data-id=\"2679577\" data-element_type=\"column\">\n\t\t\t<div class=\"elementor-widget-wrap elementor-element-populated\">\n\t\t\t\t\t\t<div class=\"elementor-element elementor-element-dbe3244 elementor-widget elementor-widget-spacer\" data-id=\"dbe3244\" data-element_type=\"widget\" data-widget_type=\"spacer.default\">\n\t\t\t\t<div class=\"elementor-widget-container\">\n\t\t\t\t\t<div class=\"elementor-spacer\">\n\t\t\t<div class=\"elementor-spacer-inner\"><\/div>\n\t\t<\/div>\n\t\t\t\t<\/div>\n\t\t\t\t<\/div>\n\t\t\t\t<div class=\"elementor-element elementor-element-df667bf elementor-widget elementor-widget-team-inline\" data-id=\"df667bf\" data-element_type=\"widget\" data-widget_type=\"team-inline.default\">\n\t\t\t\t<div class=\"elementor-widget-container\">\n\t\t\t<div class=\"team-inline\"><img decoding=\"async\" src=\"https:\/\/galcrivatuldesud-est.ro\/site2021\/wp-content\/uploads\/2024\/11\/DSCF6411-scaled.jpg\" title=\"DSCF6411\" alt=\"DSCF6411\" loading=\"lazy\" \/><div class=\"tm-content\"><h5 class=\"tm-name\">B\u00e2zu Filica<\/h5><span class=\"tm-role\">\u00cengrijitor b\u0103tr\u00e2ni la domiciliu<\/span><\/div><\/div>\t\t\t\t<\/div>\n\t\t\t\t<\/div>\n\t\t\t\t\t<\/div>\n\t\t<\/div>\n\t\t\t\t<div class=\"elementor-column elementor-col-25 elementor-top-column elementor-element elementor-element-245b5a1\" data-id=\"245b5a1\" data-element_type=\"column\">\n\t\t\t<div class=\"elementor-widget-wrap\">\n\t\t\t\t\t\t\t<\/div>\n\t\t<\/div>\n\t\t\t\t\t<\/div>\n\t\t<\/section>\n\t\t\t\t<\/div>\n\t\t","protected":false},"excerpt":{"rendered":"<p>Echipa GAL Crivatul de Sud-Est Cercel Ionu\u021b Lucian Presedinte Manager GAL Florescu Mihaela Veronica Asistent manager B\u0103l\u0103noiu Andra Evaluator proiecte St\u0103tulescu Ana Maria Evaluator proiecte Dragu Angela Asistent Social B\u00e2zu Filica \u00cengrijitor b\u0103tr\u00e2ni la domiciliu<\/p>\n","protected":false},"author":1,"featured_media":0,"parent":0,"menu_order":0,"comment_status":"closed","ping_status":"closed","template":"","meta":{"_acf_changed":false,"footnotes":""},"class_list":["post-8197","page","type-page","status-publish","hentry"],"acf":[],"_links":{"self":[{"href":"https:\/\/galcrivatuldesud-est.ro\/site2021\/wp-json\/wp\/v2\/pages\/8197","targetHints":{"allow":["GET"]}}],"collection":[{"href":"https:\/\/galcrivatuldesud-est.ro\/site2021\/wp-json\/wp\/v2\/pages"}],"about":[{"href":"https:\/\/galcrivatuldesud-est.ro\/site2021\/wp-json\/wp\/v2\/types\/page"}],"author":[{"embeddable":true,"href":"https:\/\/galcrivatuldesud-est.ro\/site2021\/wp-json\/wp\/v2\/users\/1"}],"replies":[{"embeddable":true,"href":"https:\/\/galcrivatuldesud-est.ro\/site2021\/wp-json\/wp\/v2\/comments?post=8197"}],"version-history":[{"count":16,"href":"https:\/\/galcrivatuldesud-est.ro\/site2021\/wp-json\/wp\/v2\/pages\/8197\/revisions"}],"predecessor-version":[{"id":8266,"href":"https:\/\/galcrivatuldesud-est.ro\/site2021\/wp-json\/wp\/v2\/pages\/8197\/revisions\/8266"}],"wp:attachment":[{"href":"https:\/\/galcrivatuldesud-est.ro\/site2021\/wp-json\/wp\/v2\/media?parent=8197"}],"curies":[{"name":"wp","href":"https:\/\/api.w.org\/{rel}","templated":true}]}}