{"id":7915,"date":"2023-01-18T14:08:20","date_gmt":"2023-01-18T14:08:20","guid":{"rendered":"https:\/\/galcrivatuldesud-est.ro\/site2021\/?page_id=7915"},"modified":"2023-01-18T14:12:13","modified_gmt":"2023-01-18T14:12:13","slug":"formulare","status":"publish","type":"page","link":"https:\/\/galcrivatuldesud-est.ro\/site2021\/formulare\/","title":{"rendered":"Formulare"},"content":{"rendered":"\t\t<div data-elementor-type=\"wp-page\" data-elementor-id=\"7915\" class=\"elementor elementor-7915\">\n\t\t\t\t\t\t<section class=\"elementor-section elementor-top-section elementor-element elementor-element-50bbaa8 elementor-section-boxed elementor-section-height-default elementor-section-height-default\" data-id=\"50bbaa8\" data-element_type=\"section\">\n\t\t\t\t\t\t<div class=\"elementor-container elementor-column-gap-default\">\n\t\t\t\t\t<div class=\"elementor-column elementor-col-100 elementor-top-column elementor-element elementor-element-2c64a1e\" data-id=\"2c64a1e\" data-element_type=\"column\">\n\t\t\t<div class=\"elementor-widget-wrap elementor-element-populated\">\n\t\t\t\t\t\t<div class=\"elementor-element elementor-element-a48afd6 elementor-widget elementor-widget-heading\" data-id=\"a48afd6\" data-element_type=\"widget\" data-widget_type=\"heading.default\">\n\t\t\t\t<div class=\"elementor-widget-container\">\n\t\t\t<style>\/*! elementor - v3.19.0 - 26-02-2024 *\/\n.elementor-heading-title{padding:0;margin:0;line-height:1}.elementor-widget-heading .elementor-heading-title[class*=elementor-size-]>a{color:inherit;font-size:inherit;line-height:inherit}.elementor-widget-heading .elementor-heading-title.elementor-size-small{font-size:15px}.elementor-widget-heading .elementor-heading-title.elementor-size-medium{font-size:19px}.elementor-widget-heading .elementor-heading-title.elementor-size-large{font-size:29px}.elementor-widget-heading .elementor-heading-title.elementor-size-xl{font-size:39px}.elementor-widget-heading .elementor-heading-title.elementor-size-xxl{font-size:59px}<\/style><h1 class=\"elementor-heading-title elementor-size-default\">Formular 230<\/h1>\t\t<\/div>\n\t\t\t\t<\/div>\n\t\t\t\t\t<\/div>\n\t\t<\/div>\n\t\t\t\t\t<\/div>\n\t\t<\/section>\n\t\t\t\t<section class=\"elementor-section elementor-top-section elementor-element elementor-element-1e08fc3 elementor-section-boxed elementor-section-height-default elementor-section-height-default\" data-id=\"1e08fc3\" data-element_type=\"section\">\n\t\t\t\t\t\t<div class=\"elementor-container elementor-column-gap-default\">\n\t\t\t\t\t<div class=\"elementor-column elementor-col-50 elementor-top-column elementor-element elementor-element-f9d77fd\" data-id=\"f9d77fd\" data-element_type=\"column\">\n\t\t\t<div class=\"elementor-widget-wrap elementor-element-populated\">\n\t\t\t\t\t\t<div class=\"elementor-element elementor-element-ee92b1e elementor-widget elementor-widget-text-editor\" data-id=\"ee92b1e\" data-element_type=\"widget\" data-widget_type=\"text-editor.default\">\n\t\t\t\t<div class=\"elementor-widget-container\">\n\t\t\t<style>\/*! elementor - v3.19.0 - 26-02-2024 *\/\n.elementor-widget-text-editor.elementor-drop-cap-view-stacked .elementor-drop-cap{background-color:#69727d;color:#fff}.elementor-widget-text-editor.elementor-drop-cap-view-framed .elementor-drop-cap{color:#69727d;border:3px solid;background-color:transparent}.elementor-widget-text-editor:not(.elementor-drop-cap-view-default) .elementor-drop-cap{margin-top:8px}.elementor-widget-text-editor:not(.elementor-drop-cap-view-default) .elementor-drop-cap-letter{width:1em;height:1em}.elementor-widget-text-editor .elementor-drop-cap{float:left;text-align:center;line-height:1;font-size:50px}.elementor-widget-text-editor .elementor-drop-cap-letter{display:inline-block}<\/style>\t\t\t\t<p class=\"yiv6338284378MsoNormal\">E simplu \u0219i gratuit s\u0103 aju\u021bi!<\/p><p class=\"yiv6338284378MsoNormal\">Po\u021bi redirec\u021biona 3,5% din impozitul t\u0103u pe venit pentru cauza noastr\u0103 \u0219i asta nu presupune niciun cost.<\/p><p class=\"yiv6338284378MsoNormal\">Ne po\u021bi sprijini \u0219i mai mult dac\u0103 alegi s\u0103 bifezi op\u021biunea de a dona pe o perioad\u0103 de 2 ani.<\/p><p class=\"yiv6338284378MsoNormal\">Descarc\u0103 formularul de mai jos dac\u0103 \u00een 2022 ai ob\u021binut venituri din:<\/p><p class=\"yiv6338284378MsoNormal\">\u25cf salarii \u0219i asimilate salariilor;<\/p><p class=\"yiv6338284378MsoNormal\">\u25cf pensii;<\/p><p class=\"yiv6338284378MsoNormal\">\u25cf activit\u0103\u021bi independente\/activit\u0103\u021bi agricole, impuse pe baz\u0103 de norm\u0103 de venit;<\/p><p class=\"yiv6338284378MsoNormal\">\u25cf activit\u0103\u021bi independente realizate \u00een baza contractelor de activitate<\/p><p class=\"yiv6338284378MsoNormal\">\u25cf activit\u0103\u021bi independente realizate \u00een baza contractelor de activitate sportiv\u0103, pentru care impozitul se re\u021bine la surs\u0103;<\/p><p class=\"yiv6338284378MsoNormal\">\u25cf drepturi de proprietate intelectual\u0103, altele dec\u00e2t cele pentru care venitul net se determin\u0103 \u00een sistem real;<\/p><p class=\"yiv6338284378MsoNormal\">\u25cf cedarea folosin\u021bei bunurilor, pentru care venitul net se determin\u0103 pe baza cotelor forfetare de cheltuieli sau pe baza normelor de venit.<\/p><p class=\"yiv6338284378MsoNormal\">1. Completeaz\u0103-l cu datele tale personale la Sec\u021biunea I \u0219i semneaz\u0103-l la \u201eSemn\u0103tur\u0103 Contribuabil\u201d.<\/p><p class=\"yiv6338284378MsoNormal\">2. Nu este nevoie s\u0103 completezi \u0219i suma, iar datele asocia\u021biei sunt pre-completate.<\/p><p class=\"yiv6338284378MsoNormal\">3. Tu ne-ai ales, noi te ajut\u0103m.\u00a0 Ne po\u021bi trimite formularul completat cu datele tale, scanat \u0219i semnat pe adresa office@galcrivatuldesud-est.ro\u00a0\u00a0\u00a0\u00a0\u00a0 sau direct pe whats app la num\u0103rul de telefon 0786.904.720\u00a0 \u0219i noi\u00a0 \u00eel vom depune online la ANAF.<\/p><p class=\"yiv6338284378MsoNormal\">4. Termenul de depunere de anul acesta este 25 mai 2023.<\/p>\t\t\t\t\t\t<\/div>\n\t\t\t\t<\/div>\n\t\t\t\t\t<\/div>\n\t\t<\/div>\n\t\t\t\t<div class=\"elementor-column elementor-col-50 elementor-top-column elementor-element elementor-element-b30c9f3\" data-id=\"b30c9f3\" data-element_type=\"column\">\n\t\t\t<div class=\"elementor-widget-wrap elementor-element-populated\">\n\t\t\t\t\t\t<div class=\"elementor-element elementor-element-8040648 elementor-widget elementor-widget-image\" data-id=\"8040648\" data-element_type=\"widget\" data-widget_type=\"image.default\">\n\t\t\t\t<div class=\"elementor-widget-container\">\n\t\t\t<style>\/*! elementor - v3.19.0 - 26-02-2024 *\/\n.elementor-widget-image{text-align:center}.elementor-widget-image a{display:inline-block}.elementor-widget-image a img[src$=\".svg\"]{width:48px}.elementor-widget-image img{vertical-align:middle;display:inline-block}<\/style>\t\t\t\t\t\t\t\t\t\t<img fetchpriority=\"high\" decoding=\"async\" width=\"709\" height=\"1024\" src=\"https:\/\/galcrivatuldesud-est.ro\/site2021\/wp-content\/uploads\/2023\/01\/Formular_230_2022_AS.-GAL-CRIVATUL-DE-SUD-EST_page-0001-1-709x1024.jpg\" class=\"attachment-large size-large wp-image-7917\" alt=\"\" srcset=\"https:\/\/galcrivatuldesud-est.ro\/site2021\/wp-content\/uploads\/2023\/01\/Formular_230_2022_AS.-GAL-CRIVATUL-DE-SUD-EST_page-0001-1-709x1024.jpg 709w, https:\/\/galcrivatuldesud-est.ro\/site2021\/wp-content\/uploads\/2023\/01\/Formular_230_2022_AS.-GAL-CRIVATUL-DE-SUD-EST_page-0001-1-208x300.jpg 208w, https:\/\/galcrivatuldesud-est.ro\/site2021\/wp-content\/uploads\/2023\/01\/Formular_230_2022_AS.-GAL-CRIVATUL-DE-SUD-EST_page-0001-1-768x1109.jpg 768w, https:\/\/galcrivatuldesud-est.ro\/site2021\/wp-content\/uploads\/2023\/01\/Formular_230_2022_AS.-GAL-CRIVATUL-DE-SUD-EST_page-0001-1-1064x1536.jpg 1064w, https:\/\/galcrivatuldesud-est.ro\/site2021\/wp-content\/uploads\/2023\/01\/Formular_230_2022_AS.-GAL-CRIVATUL-DE-SUD-EST_page-0001-1-600x866.jpg 600w, https:\/\/galcrivatuldesud-est.ro\/site2021\/wp-content\/uploads\/2023\/01\/Formular_230_2022_AS.-GAL-CRIVATUL-DE-SUD-EST_page-0001-1.jpg 1177w\" sizes=\"(max-width: 709px) 100vw, 709px\" \/>\t\t\t\t\t\t\t\t\t\t\t\t\t<\/div>\n\t\t\t\t<\/div>\n\t\t\t\t<div class=\"elementor-element elementor-element-f162d0f elementor-widget elementor-widget-text-editor\" data-id=\"f162d0f\" data-element_type=\"widget\" data-widget_type=\"text-editor.default\">\n\t\t\t\t<div class=\"elementor-widget-container\">\n\t\t\t\t\t\t\t<h4>Descarca FORMULARUL 230 in format .pdf<\/h4><ul><li><a href=\"https:\/\/galcrivatuldesud-est.ro\/site2021\/?attachment_id=7918\" rel=\"attachment wp-att-7918\">Formular_230_2022_AS. GAL CRIVATUL DE SUD-EST<\/a><\/li><\/ul>\t\t\t\t\t\t<\/div>\n\t\t\t\t<\/div>\n\t\t\t\t\t<\/div>\n\t\t<\/div>\n\t\t\t\t\t<\/div>\n\t\t<\/section>\n\t\t\t\t<\/div>\n\t\t","protected":false},"excerpt":{"rendered":"<p>Formular 230 E simplu \u0219i gratuit s\u0103 aju\u021bi! Po\u021bi redirec\u021biona 3,5% din impozitul t\u0103u pe venit pentru cauza noastr\u0103 \u0219i asta nu presupune niciun cost. Ne po\u021bi sprijini \u0219i mai mult dac\u0103 alegi s\u0103 bifezi op\u021biunea de a dona pe o perioad\u0103 de 2 ani. Descarc\u0103 formularul de mai jos dac\u0103 \u00een 2022 ai ob\u021binut venituri din: \u25cf salarii \u0219i asimilate salariilor; \u25cf pensii; \u25cf activit\u0103\u021bi independente\/activit\u0103\u021bi agricole, impuse pe baz\u0103 de norm\u0103 de venit; \u25cf activit\u0103\u021bi independente realizate \u00een baza contractelor de activitate \u25cf activit\u0103\u021bi independente realizate \u00een baza contractelor de activitate sportiv\u0103, pentru care impozitul se re\u021bine la&#8230;<\/p>\n","protected":false},"author":1,"featured_media":0,"parent":0,"menu_order":0,"comment_status":"closed","ping_status":"closed","template":"","meta":{"_acf_changed":false,"footnotes":""},"class_list":["post-7915","page","type-page","status-publish","hentry"],"acf":[],"_links":{"self":[{"href":"https:\/\/galcrivatuldesud-est.ro\/site2021\/wp-json\/wp\/v2\/pages\/7915","targetHints":{"allow":["GET"]}}],"collection":[{"href":"https:\/\/galcrivatuldesud-est.ro\/site2021\/wp-json\/wp\/v2\/pages"}],"about":[{"href":"https:\/\/galcrivatuldesud-est.ro\/site2021\/wp-json\/wp\/v2\/types\/page"}],"author":[{"embeddable":true,"href":"https:\/\/galcrivatuldesud-est.ro\/site2021\/wp-json\/wp\/v2\/users\/1"}],"replies":[{"embeddable":true,"href":"https:\/\/galcrivatuldesud-est.ro\/site2021\/wp-json\/wp\/v2\/comments?post=7915"}],"version-history":[{"count":4,"href":"https:\/\/galcrivatuldesud-est.ro\/site2021\/wp-json\/wp\/v2\/pages\/7915\/revisions"}],"predecessor-version":[{"id":7921,"href":"https:\/\/galcrivatuldesud-est.ro\/site2021\/wp-json\/wp\/v2\/pages\/7915\/revisions\/7921"}],"wp:attachment":[{"href":"https:\/\/galcrivatuldesud-est.ro\/site2021\/wp-json\/wp\/v2\/media?parent=7915"}],"curies":[{"name":"wp","href":"https:\/\/api.w.org\/{rel}","templated":true}]}}